{"id":322,"date":"2025-07-09T16:38:30","date_gmt":"2025-07-09T16:38:30","guid":{"rendered":"http:\/\/liminal.miara.co.uk\/?page_id=322"},"modified":"2025-07-09T16:38:30","modified_gmt":"2025-07-09T16:38:30","slug":"lignes-directrices-relatives-a-la-communaute-des-medias-sociaux","status":"publish","type":"page","link":"https:\/\/liminalbiosciences.com\/fr\/lignes-directrices-relatives-a-la-communaute-des-medias-sociaux\/","title":{"rendered":"Lignes directrices relatives \u00e0 la communaut\u00e9 des m\u00e9dias sociaux"},"content":{"rendered":"<div class=\"title-block\"><div id=\"top-bg\" class=\"small\">\n\t<img decoding=\"async\" src=\"https:\/\/liminalbiosciences.com\/wp-content\/themes\/liminal\/images\/top-bg.png\" \/>\n<\/div>\n<div class=\"cont\">\n    <h1>Lignes directrices relatives \u00e0 la communaut\u00e9 des m\u00e9dias sociaux<\/h1><\/div><\/div>\n\n\n<div class=\"wp-block-columns is-layout-flex wp-container-core-columns-is-layout-9d6595d7 wp-block-columns-is-layout-flex\">\n<div class=\"wp-block-column is-layout-flow wp-block-column-is-layout-flow\">\n<div class=\"cont paragraph\" data-scroll><p> Nos profils de m\u00e9dias sociaux, notamment Twitter, Facebook, Instagram, YouTube et LinkedIn, offrent des possibilit\u00e9s int\u00e9ressantes de se connecter et d\u2019interagir avec des personnes et des organisations int\u00e9ress\u00e9es \u00e0 notre entreprise. Nous avons l\u2019intention d\u2019utiliser ces plateformes pour partager les nouvelles et les annonces de l\u2019entreprise, fournir des informations sur l\u2019entreprise et des mises \u00e0 jour en direct des conf\u00e9rences m\u00e9dicales, et participer \u00e0 d\u2019importants efforts de sensibilisation et de d\u00e9fense des int\u00e9r\u00eats de la communaut\u00e9. <\/p><\/div>\n\n\n\n<div class=\"cont paragraph\" data-scroll><p> Notre objectif est d\u2019interagir avec le plus grand nombre possible d\u2019utilisateurs de m\u00e9dias sociaux lorsque cela est appropri\u00e9, mais veuillez noter que nous ne pourrons peut-\u00eatre pas r\u00e9pondre individuellement \u00e0 tous les messages re\u00e7us sur ces plateformes. Nous nous r\u00e9servons le droit de bloquer ou de mettre en sourdine les utilisateurs qui publient du mat\u00e9riel inappropri\u00e9 ou offensant, \u00e0 notre seule discr\u00e9tion, avec ou sans pr\u00e9avis. <\/p><\/div>\n\n\n\n<div class=\"cont paragraph\" data-scroll><p> Nous travaillons dans un secteur des soins de sant\u00e9 tr\u00e8s r\u00e9glement\u00e9 et il peut souvent nous arriver de ne pas \u00eatre en mesure de nous engager dans certaines discussions sur les produits et nous ne proposerons aucun conseil m\u00e9dical sur les m\u00e9dias sociaux. Veuillez noter que les messages publi\u00e9s sur les m\u00e9dias sociaux par des utilisateurs ind\u00e9pendants ne refl\u00e8tent pas n\u00e9cessairement les opinions de notre soci\u00e9t\u00e9 et peuvent contenir des informations sur des produits qui peuvent ou non \u00eatre disponibles dans un pays particulier et, s\u2019ils sont disponibles, ont re\u00e7u l\u2019approbation ou l\u2019autorisation de mise sur le march\u00e9 d\u2019un organisme de r\u00e9glementation gouvernemental pour diff\u00e9rentes indications et restrictions dans diff\u00e9rents pays. Nous ne contr\u00f4lons ni n\u2019approuvons ce contenu tiers et ne faisons aucune d\u00e9claration quant \u00e0 son exactitude. Visitez le site&nbsp;<a href=\"https:\/\/liminalbiosciences.com\/\">https:\/\/liminalbiosciences.com\/<\/a>&nbsp;ou contactez-nous par courriel \u00e0&nbsp;<a href=\"mailto:info@liminalbiosciences.com\">info@liminalbiosciences.com<\/a>&nbsp;ou par t\u00e9l\u00e9phone au +1.450.781.0115 pour obtenir les informations appropri\u00e9es sur les produits pour votre pays de r\u00e9sidence. <\/p><\/div>\n\n\n\n<div class=\"cont paragraph\" data-scroll><p> Si vous pensez avoir subi un \u00e9v\u00e9nement ind\u00e9sirable ou un effet secondaire li\u00e9 \u00e0 nos produits, veuillez contacter imm\u00e9diatement votre fournisseur de soins de sant\u00e9. Vous pouvez \u00e9galement visiter le site&nbsp;<a href=\"https:\/\/www.accessdata.fda.gov\/scripts\/medwatch\/index.cfm?action=reporting.home\">FDA safety information and adverse reporting program<\/a>&nbsp;en ligne. Si vous publiez des informations sur les m\u00e9dias sociaux concernant un \u00e9v\u00e9nement ind\u00e9sirable ou un effet secondaire, veuillez noter qu\u2019il est possible que nous soyons amen\u00e9s \u00e0 vous contacter pour obtenir des informations suppl\u00e9mentaires afin de nous conformer aux directives r\u00e9glementaires. <\/p><\/div>\n\n\n\n<div class=\"cont paragraph\" data-scroll><p> En interagissant avec nous par le biais des m\u00e9dias sociaux, vous acceptez \u00e9galement de vous conformer aux r\u00e8gles et politiques respectives de chaque plateforme. Il est important de prendre connaissance de la politique officielle de protection des renseignements personnels de chaque plateforme pour savoir quelles informations personnelles peuvent \u00eatre accessibles. <\/p><\/div>\n<\/div>\n<\/div>\n","protected":false},"excerpt":{"rendered":"<p>Nos profils de m\u00e9dias sociaux, notamment Twitter, Facebook, Instagram, YouTube et LinkedIn, offrent des possibilit\u00e9s int\u00e9ressantes de se connecter et d\u2019interagir avec des personnes et des organisations int\u00e9ress\u00e9es \u00e0 notre entreprise. Nous avons l\u2019intention d\u2019utiliser ces plateformes pour partager les nouvelles et les annonces de l\u2019entreprise, fournir des informations sur l\u2019entreprise et des mises \u00e0 [&hellip;]<\/p>\n","protected":false},"author":2,"featured_media":0,"parent":0,"menu_order":0,"comment_status":"closed","ping_status":"closed","template":"","meta":{"_acf_changed":false,"footnotes":""},"class_list":["post-322","page","type-page","status-publish","hentry"],"acf":[],"_links":{"self":[{"href":"https:\/\/liminalbiosciences.com\/fr\/wp-json\/wp\/v2\/pages\/322","targetHints":{"allow":["GET"]}}],"collection":[{"href":"https:\/\/liminalbiosciences.com\/fr\/wp-json\/wp\/v2\/pages"}],"about":[{"href":"https:\/\/liminalbiosciences.com\/fr\/wp-json\/wp\/v2\/types\/page"}],"author":[{"embeddable":true,"href":"https:\/\/liminalbiosciences.com\/fr\/wp-json\/wp\/v2\/users\/2"}],"replies":[{"embeddable":true,"href":"https:\/\/liminalbiosciences.com\/fr\/wp-json\/wp\/v2\/comments?post=322"}],"version-history":[{"count":1,"href":"https:\/\/liminalbiosciences.com\/fr\/wp-json\/wp\/v2\/pages\/322\/revisions"}],"predecessor-version":[{"id":323,"href":"https:\/\/liminalbiosciences.com\/fr\/wp-json\/wp\/v2\/pages\/322\/revisions\/323"}],"wp:attachment":[{"href":"https:\/\/liminalbiosciences.com\/fr\/wp-json\/wp\/v2\/media?parent=322"}],"curies":[{"name":"wp","href":"https:\/\/api.w.org\/{rel}","templated":true}]}}