{"id":316,"date":"2025-07-09T16:33:40","date_gmt":"2025-07-09T16:33:40","guid":{"rendered":"http:\/\/liminal.miara.co.uk\/?page_id=316"},"modified":"2025-07-09T16:33:40","modified_gmt":"2025-07-09T16:33:40","slug":"avis-de-non-responsabilite","status":"publish","type":"page","link":"https:\/\/liminalbiosciences.com\/fr\/avis-de-non-responsabilite\/","title":{"rendered":"Avis de non-responsabilit\u00e9"},"content":{"rendered":"<div class=\"title-block\"><div id=\"top-bg\" class=\"small\">\n\t<img decoding=\"async\" src=\"https:\/\/liminalbiosciences.com\/wp-content\/themes\/liminal\/images\/top-bg.png\" \/>\n<\/div>\n<div class=\"cont\">\n    <h1>Avis de non-responsabilit\u00e9<\/h1><\/div><\/div>\n\n\n<div class=\"wp-block-columns is-layout-flex wp-container-core-columns-is-layout-9d6595d7 wp-block-columns-is-layout-flex\">\n<div class=\"wp-block-column is-layout-flow wp-block-column-is-layout-flow\">\n<div class=\"cont heading\" data-scroll><h2 class=\"wp-block-heading\"> Avis de non-responsabilit\u00e9 <\/h2><\/div>\n\n\n\n<div class=\"cont paragraph\" data-scroll><p> Le pr\u00e9sent site Web appartient \u00e0 Liminal BioSciences inc. (\u00ab la Soci\u00e9t\u00e9 \u00bb), qui l\u2019exploite pour votre usage personnel et non commercial et pour votre information. L\u2019usage que vous faites de ce site Web est assujetti aux modalit\u00e9s d\u2019utilisation suivantes et \u00e0 toutes les lois applicables. En acc\u00e9dant \u00e0 ce site Web et en naviguant dans celui-ci, vous acceptez les pr\u00e9sentes modalit\u00e9s sans limite ni r\u00e9serve. Si vous n\u2019acceptez pas une quelconque de ces modalit\u00e9s, veuillez ne pas utiliser ce site Web. <\/p><\/div>\n\n\n\n<div class=\"cont paragraph\" data-scroll><p> Toute l\u2019information, tout le mat\u00e9riel (p. ex. textes, tableaux et graphiques) et tous les produits sont fournis \u00ab tels quels \u00bb, sans garantie d\u2019aucune sorte, et la Soci\u00e9t\u00e9 ne fait aucune d\u00e9claration et ne conf\u00e8re aucune garantie expresse ou implicite, y compris, mais sans s\u2019y limiter, les d\u00e9clarations et garanties d\u2019exactitude, d\u2019ad\u00e9quation, d\u2019exhaustivit\u00e9, d\u2019absence de contrefa\u00e7on, de qualit\u00e9 marchande ou d\u2019adaptation \u00e0 un usage particulier, et la Soci\u00e9t\u00e9 d\u00e9cline toute responsabilit\u00e9 envers vous ou de tierces parties \u00e0 l\u2019\u00e9gard des cons\u00e9quences d\u2019erreurs ou d\u2019omissions. <\/p><\/div>\n\n\n\n<div class=\"cont paragraph\" data-scroll><p> \u00c0 l\u2019exception des renseignements historiques, l\u2019information figurant sur le pr\u00e9sent site Web contient des d\u00e9clarations prospectives qui refl\u00e8tent les attentes de la Soci\u00e9t\u00e9 \u00e0 l\u2019\u00e9gard d\u2019\u00e9v\u00e9nements futurs. Ces d\u00e9clarations comportent des risques et des incertitudes pouvant faire en sorte que les r\u00e9sultats r\u00e9els diff\u00e8rent de fa\u00e7on importante de ces d\u00e9clarations. Ces risques et incertitudes comprennent, mais sans s\u2019y limiter, les conditions changeantes du march\u00e9, l\u2019ex\u00e9cution fructueuse et en temps opportun d\u2019\u00e9tudes cliniques, la conclusion d\u2019alliances strat\u00e9giques, l\u2019incidence des produits et des prix concurrentiels, la mise au point de nouveaux produits, les incertitudes li\u00e9es au processus d\u2019approbation r\u00e9glementaire et d\u2019autres risques d\u00e9crits de temps \u00e0 autre dans les documents d\u2019information continue de la Soci\u00e9t\u00e9. Ni la Soci\u00e9t\u00e9, ni ses soci\u00e9t\u00e9s affili\u00e9es, ni leurs dirigeants, administrateurs, employ\u00e9s, agents ou consultants respectifs ne font pas ni n\u2019ont fait de recommandation quant \u00e0 l\u2019opportunit\u00e9 pour quiconque d\u2019investir dans des titres de la Soci\u00e9t\u00e9 en g\u00e9n\u00e9ral. <\/p><\/div>\n\n\n\n<div class=\"cont paragraph\" data-scroll><p> L\u2019information communiqu\u00e9e conform\u00e9ment aux exigences des lois sur les soci\u00e9t\u00e9s et sur les valeurs mobili\u00e8res qui s\u2019appliquent \u00e0 la Soci\u00e9t\u00e9 n\u2019est aucunement destin\u00e9e \u00e0 \u00eatre interpr\u00e9t\u00e9e, amend\u00e9e, modifi\u00e9e ou compl\u00e9t\u00e9e \u00e0 l\u2019aide de l\u2019information disponible autrement dans ce site ou au moyen de celui-ci. En raison des risques inh\u00e9rents \u00e0 Internet, sur le plan technique et sur le plan de la s\u00e9curit\u00e9, et parce que le document auquel vous acc\u00e9dez peut diff\u00e9rer de l\u2019original selon le logiciel de navigation que vous utilisez, l\u2019information, le mat\u00e9riel ou les produits auxquels vous acc\u00e9dez par l\u2019interm\u00e9diaire de ce site Web ne doivent pas \u00eatre utilis\u00e9s dans le but de prendre des d\u00e9cisions d\u2019investissement. <\/p><\/div>\n\n\n\n<div class=\"cont paragraph\" data-scroll><p> Bien que la Soci\u00e9t\u00e9 s\u2019efforce de mettre \u00e0 jour l\u2019information, le mat\u00e9riel et les produits pr\u00e9sent\u00e9s sur ce site Web le plus fr\u00e9quemment possible, aucune assurance ni garantie n\u2019est donn\u00e9e, \u00e0 savoir s\u2019ils sont \u00e0 jour, exacts, sans erreurs ou complets. Ces informations, mat\u00e9riels et produits sont modifiables sans pr\u00e9avis de la part de la Soci\u00e9t\u00e9. <\/p><\/div>\n\n\n\n<div class=\"cont paragraph\" data-scroll><p> La Soci\u00e9t\u00e9 ne pourra \u00eatre tenue responsable envers vous ni envers quiconque de dommages de quelque nature que ce soit d\u00e9coulant de l\u2019utilisation de ce site Web ou de l\u2019information ou du mat\u00e9riel fournis sur ce site Web, y compris, mais sans s\u2019y limiter, la perte de profits, les occasions manqu\u00e9es, les dommages directs, indirects, sp\u00e9ciaux, cons\u00e9cutifs, accessoires ou punitifs, m\u00eame si la Soci\u00e9t\u00e9 a \u00e9t\u00e9 avis\u00e9e de cette \u00e9ventualit\u00e9. <\/p><\/div>\n\n\n\n<div class=\"cont paragraph\" data-scroll><p> Le site Web de la Soci\u00e9t\u00e9 comporte des liens vers des sites Web de tiers qui sont fournis \u00e0 titre de r\u00e9f\u00e9rence uniquement et celle-ci n\u2019exerce aucun contr\u00f4le sur ceux-ci. Par cons\u00e9quent, la Soci\u00e9t\u00e9 n\u2019assume aucune responsabilit\u00e9 quant au contenu de ces sites Web. L\u2019inclusion par la Soci\u00e9t\u00e9 d\u2019un lien vers un site Web ne sous-entend pas que la Soci\u00e9t\u00e9 a sanctionn\u00e9 le site Web ou son contenu, ni qu\u2019elle a effectu\u00e9 une enqu\u00eate ou une v\u00e9rification \u00e0 leur sujet. <\/p><\/div>\n\n\n\n<div class=\"cont paragraph\" data-scroll><p> Tout le mat\u00e9riel pr\u00e9sent\u00e9 sur le pr\u00e9sent site Web est prot\u00e9g\u00e9 par le droit d\u2019auteur. L\u2019utilisateur peut le t\u00e9l\u00e9charger \u00e0 des fins personnelles et non commerciales, \u00e0 condition que tous les avis touchant le droit d\u2019auteur et autres droits de propri\u00e9t\u00e9 soient respect\u00e9s et que le mat\u00e9riel ne soit pas modifi\u00e9. Il est strictement interdit de modifier, de copier, de distribuer, de pr\u00e9senter, de reproduire, de traduire, d\u2019adapter, de publier, de cr\u00e9er des \u0153uvres d\u00e9riv\u00e9es, de transf\u00e9rer ou de vendre, en tout ou en partie, le mat\u00e9riel ou les produits contenus dans ce site Web. Ce site Web est contr\u00f4l\u00e9 et exploit\u00e9 par Liminal BioSciences inc. \u00e0 partir de Montr\u00e9al, au Qu\u00e9bec, et les pr\u00e9sentes modalit\u00e9s sont r\u00e9gies par les lois du Qu\u00e9bec et les lois applicables du Canada, sans \u00e9gard aux principes de conflit de lois. Vous acceptez d\u2019\u00eatre li\u00e9 par ces lois et de vous en remettre \u00e0 la comp\u00e9tence des tribunaux de la province de Qu\u00e9bec en ce qui a trait \u00e0 l\u2019interpr\u00e9tation ou \u00e0 l\u2019application des pr\u00e9sentes modalit\u00e9s. Pour obtenir de plus amples renseignements \u00e0 l\u2019\u00e9gard du pr\u00e9sent avis ou d\u2019autres questions juridiques, veuillez communiquer avec nous \u00e0&nbsp;<a href=\"mailto:info@liminalbiosciences.com\">info@liminalbiosciences.com<\/a>. <\/p><\/div>\n\n\n\n<div class=\"cont paragraph\" data-scroll><p> Les communications faites par l\u2019interm\u00e9diaire de ce site, du syst\u00e8me de courrier \u00e9lectronique ou de messagerie ne doivent jamais \u00eatre consid\u00e9r\u00e9es comme des communications \u00e0 port\u00e9e juridique adress\u00e9es \u00e0 la Soci\u00e9t\u00e9 ni \u00e0 l\u2019une de ses soci\u00e9t\u00e9s affili\u00e9es ou \u00e0 leurs dirigeants, administrateurs, employ\u00e9s, agents ou consultants respectifs, relativement \u00e0 une r\u00e9clamation ou cause d\u2019action existante ou potentielle contre la Soci\u00e9t\u00e9 ou ses soci\u00e9t\u00e9s affili\u00e9es ou leurs dirigeants, administrateurs, employ\u00e9s, agents ou consultants respectifs dans les cas o\u00f9 une loi, une r\u00e8gle ou un r\u00e8glement f\u00e9d\u00e9ral, provincial ou municipal exige qu\u2019un avis soit remis \u00e0 la Soci\u00e9t\u00e9. <\/p><\/div>\n\n\n\n<div class=\"cont heading\" data-scroll><h2 class=\"wp-block-heading\"> D\u00e9claration de confidentialit\u00e9 <\/h2><\/div>\n\n\n\n<div class=\"cont paragraph\" data-scroll><p> La d\u00e9claration suivante d\u00e9crit les mesures prises par Liminal BioSciences inc. (\u00ab la Soci\u00e9t\u00e9 \u00bb) en vue d\u2019assurer le respect de vos droits \u00e0 la protection de la vie priv\u00e9e dans le cadre de la collecte et de l\u2019utilisation de vos renseignements personnels. Elle vous permettra de mieux comprendre quand, comment et pourquoi ces renseignements sont recueillis. Comme ce document sera occasionnellement mis \u00e0 jour, nous vous recommandons de le consulter r\u00e9guli\u00e8rement. <\/p><\/div>\n\n\n\n<div class=\"cont paragraph\" data-scroll><p> Pour recevoir un ou plusieurs documents ou pour commander des produits, vous devez remplir les formulaires appropri\u00e9s, en y indiquant notamment les coordonn\u00e9es qui nous permettront de vous faire parvenir les documents ou produits demand\u00e9s ou de communiquer avec vous en cas de probl\u00e8me. La Soci\u00e9t\u00e9 s\u2019engage \u00e0 ne pas utiliser vos renseignements personnels \u00e0 d\u2019autres fins sans avoir pr\u00e9alablement obtenu votre consentement expr\u00e8s. En outre, aucune autre entit\u00e9 ou personne autre que la Soci\u00e9t\u00e9 et ses soci\u00e9t\u00e9s affili\u00e9es n\u2019aura acc\u00e8s \u00e0 ces renseignements. <\/p><\/div>\n\n\n\n<div class=\"cont paragraph\" data-scroll><p> Cependant, la Soci\u00e9t\u00e9 se r\u00e9serve le droit de divulguer les renseignements concernant les utilisateurs du pr\u00e9sent site dans les circonstances suivantes : pour se conformer aux dispositions d\u2019une loi ou d\u2019un r\u00e8glement, pour assurer sa d\u00e9fense dans le cadre d\u2019une action en justice, ou pour prot\u00e9ger ses droits ou ceux des utilisateurs du site. <\/p><\/div>\n\n\n\n<div class=\"cont paragraph\" data-scroll><p> Ce site Web comporte des hyperliens vers d\u2019autres sites Web qui ne sont pas contr\u00f4l\u00e9s par la Soci\u00e9t\u00e9 ou ses soci\u00e9t\u00e9s affili\u00e9es. La pr\u00e9sente d\u00e9claration de confidentialit\u00e9 ne s\u2019applique pas \u00e0 ces autres sites. Nous vous recommandons de consulter la d\u00e9claration de confidentialit\u00e9 de tout site sur lequel vous fournirez des renseignements personnels afin de comprendre comment celles-ci seront utilis\u00e9es. <\/p><\/div>\n<\/div>\n<\/div>\n","protected":false},"excerpt":{"rendered":"<p>Avis de non-responsabilit\u00e9 Le pr\u00e9sent site Web appartient \u00e0 Liminal BioSciences inc. (\u00ab la Soci\u00e9t\u00e9 \u00bb), qui l\u2019exploite pour votre usage personnel et non commercial et pour votre information. L\u2019usage que vous faites de ce site Web est assujetti aux modalit\u00e9s d\u2019utilisation suivantes et \u00e0 toutes les lois applicables. En acc\u00e9dant \u00e0 ce site Web [&hellip;]<\/p>\n","protected":false},"author":2,"featured_media":0,"parent":0,"menu_order":0,"comment_status":"closed","ping_status":"closed","template":"","meta":{"_acf_changed":false,"footnotes":""},"class_list":["post-316","page","type-page","status-publish","hentry"],"acf":[],"_links":{"self":[{"href":"https:\/\/liminalbiosciences.com\/fr\/wp-json\/wp\/v2\/pages\/316","targetHints":{"allow":["GET"]}}],"collection":[{"href":"https:\/\/liminalbiosciences.com\/fr\/wp-json\/wp\/v2\/pages"}],"about":[{"href":"https:\/\/liminalbiosciences.com\/fr\/wp-json\/wp\/v2\/types\/page"}],"author":[{"embeddable":true,"href":"https:\/\/liminalbiosciences.com\/fr\/wp-json\/wp\/v2\/users\/2"}],"replies":[{"embeddable":true,"href":"https:\/\/liminalbiosciences.com\/fr\/wp-json\/wp\/v2\/comments?post=316"}],"version-history":[{"count":1,"href":"https:\/\/liminalbiosciences.com\/fr\/wp-json\/wp\/v2\/pages\/316\/revisions"}],"predecessor-version":[{"id":317,"href":"https:\/\/liminalbiosciences.com\/fr\/wp-json\/wp\/v2\/pages\/316\/revisions\/317"}],"wp:attachment":[{"href":"https:\/\/liminalbiosciences.com\/fr\/wp-json\/wp\/v2\/media?parent=316"}],"curies":[{"name":"wp","href":"https:\/\/api.w.org\/{rel}","templated":true}]}}