{"id":303,"date":"2025-06-16T19:12:11","date_gmt":"2025-06-16T19:12:11","guid":{"rendered":"http:\/\/liminal.miara.co.uk\/?page_id=303"},"modified":"2025-07-09T15:32:07","modified_gmt":"2025-07-09T15:32:07","slug":"programme-agoniste-du-gpr40","status":"publish","type":"page","link":"https:\/\/liminalbiosciences.com\/fr\/produits-candidat\/programme-agoniste-du-gpr40\/","title":{"rendered":"Programme agoniste du GPR40"},"content":{"rendered":"<div class=\"title-block\"><div id=\"top-bg\" class=\"small\">\n\t<img decoding=\"async\" src=\"https:\/\/liminalbiosciences.com\/wp-content\/themes\/liminal\/images\/top-bg.png\" \/>\n<\/div>\n<div class=\"cont\">\n    <h1>Programme agoniste du GPR40<\/h1><\/div><\/div>\n\n\n<div class=\"wp-block-columns is-layout-flex wp-container-core-columns-is-layout-9d6595d7 wp-block-columns-is-layout-flex\">\n<div class=\"wp-block-column is-layout-flow wp-block-column-is-layout-flow\">\n<div class=\"wp-block-columns is-layout-flex wp-container-core-columns-is-layout-9d6595d7 wp-block-columns-is-layout-flex\">\n<div class=\"wp-block-column is-layout-flow wp-block-column-is-layout-flow\">\n<div class=\"cont heading\" data-scroll><h2 class=\"wp-block-heading\"> <strong>Programme agoniste du GPR40 sans danger pour le foie<\/strong> <\/h2><\/div>\n\n\n\n<div class=\"cont paragraph\" data-scroll><p> Notre troisi\u00e8me programme pr\u00e9clinique est un programme de d\u00e9couverte de m\u00e9dicaments pour le d\u00e9veloppement d\u2019un agoniste GPR40 sans danger pour le foie, par rapport \u00e0 d\u2019autres compos\u00e9s en d\u00e9veloppement, comme traitement possible du diab\u00e8te de type 2 (DT2). <\/p><\/div>\n\n\n\n<div class=\"cont paragraph\" data-scroll><p> GPR40, un r\u00e9cepteur coupl\u00e9 aux prot\u00e9ines G pour les acides gras libres, \u00e9galement connu sous le nom de FFA1 ou FFAR1, est un RCPG \u00e0 sept domaines transmembranaires fortement exprim\u00e9 dans les cellules \u03b2 pancr\u00e9atiques, les cellules intestinales L, K et I et dans les neurones. Il est activ\u00e9 par les moyennes et longues cha\u00eenes d\u2019acides gras insatur\u00e9s, entra\u00eenant une augmentation de la s\u00e9cr\u00e9tion d\u2019insuline uniquement en pr\u00e9sence de taux de glucose \u00e9lev\u00e9s. La d\u00e9pendance au glucose du r\u00e9cepteur en fait une cible attrayante pour le d\u00e9veloppement de th\u00e9rapies potentiellement s\u00fbres et efficaces pour le diab\u00e8te de type 2. Bien que le m\u00e9canisme d\u2019action ne soit pas enti\u00e8rement compris, des recherches ant\u00e9rieures publi\u00e9es sugg\u00e8rent que le GPR40 est principalement coupl\u00e9 \u00e0 la sous-unit\u00e9 \u03b1 de la prot\u00e9ine G de la famille Gq (G\u03b1q), ce qui d\u00e9clenche une augmentation de l\u2019activit\u00e9 de la phospholipase C (PLC), conduisant \u00e0 la mobilisation du calcium intracellulaire et une activation de la prot\u00e9ine kinase C (PKC). GPR40 est \u00e9galement exprim\u00e9 dans les cellules ent\u00e9roendocrines du tractus gastro-intestinal, avec une activation entra\u00eenant la s\u00e9cr\u00e9tion d\u2019incr\u00e9tines telles que GLP-1 et GIP, qui peuvent r\u00e9guler indirectement la s\u00e9cr\u00e9tion d\u2019insuline. <\/p><\/div>\n<\/div>\n\n\n\n<div class=\"wp-block-column is-layout-flow wp-block-column-is-layout-flow\">\n<div class=\"cont heading\" data-scroll><h2 class=\"wp-block-heading\"> <strong>Notre programme agoniste GPR40<\/strong> <\/h2><\/div>\n\n\n\n<div class=\"cont paragraph\" data-scroll><p> Notre programme d\u2019agonistes du GPR40 est actuellement au stade pr\u00e9coce de la d\u00e9couverte. Les activit\u00e9s de recherche et d\u00e9veloppement pour ce programme ont \u00e9t\u00e9 mises en pause afin de concentrer nos ressources sur l\u2019avancement de nos programmes principaux. Toutefois, en nous appuyant sur notre expertise et nos recherches en chimie m\u00e9dicinale de d\u00e9couverte, nous croyons que l\u2019identification d\u2019un agoniste du GPR40 qui ne pr\u00e9sente pas de toxicit\u00e9 h\u00e9patique est r\u00e9alisable. <\/p><\/div>\n<\/div>\n<\/div>\n<\/div>\n<\/div>\n","protected":false},"excerpt":{"rendered":"<p>Programme agoniste du GPR40 sans danger pour le foie Notre troisi\u00e8me programme pr\u00e9clinique est un programme de d\u00e9couverte de m\u00e9dicaments pour le d\u00e9veloppement d\u2019un agoniste GPR40 sans danger pour le foie, par rapport \u00e0 d\u2019autres compos\u00e9s en d\u00e9veloppement, comme traitement possible du diab\u00e8te de type 2 (DT2). GPR40, un r\u00e9cepteur coupl\u00e9 aux prot\u00e9ines G pour [&hellip;]<\/p>\n","protected":false},"author":2,"featured_media":0,"parent":285,"menu_order":0,"comment_status":"closed","ping_status":"closed","template":"","meta":{"_acf_changed":false,"footnotes":""},"class_list":["post-303","page","type-page","status-publish","hentry"],"acf":[],"_links":{"self":[{"href":"https:\/\/liminalbiosciences.com\/fr\/wp-json\/wp\/v2\/pages\/303","targetHints":{"allow":["GET"]}}],"collection":[{"href":"https:\/\/liminalbiosciences.com\/fr\/wp-json\/wp\/v2\/pages"}],"about":[{"href":"https:\/\/liminalbiosciences.com\/fr\/wp-json\/wp\/v2\/types\/page"}],"author":[{"embeddable":true,"href":"https:\/\/liminalbiosciences.com\/fr\/wp-json\/wp\/v2\/users\/2"}],"replies":[{"embeddable":true,"href":"https:\/\/liminalbiosciences.com\/fr\/wp-json\/wp\/v2\/comments?post=303"}],"version-history":[{"count":1,"href":"https:\/\/liminalbiosciences.com\/fr\/wp-json\/wp\/v2\/pages\/303\/revisions"}],"predecessor-version":[{"id":304,"href":"https:\/\/liminalbiosciences.com\/fr\/wp-json\/wp\/v2\/pages\/303\/revisions\/304"}],"up":[{"embeddable":true,"href":"https:\/\/liminalbiosciences.com\/fr\/wp-json\/wp\/v2\/pages\/285"}],"wp:attachment":[{"href":"https:\/\/liminalbiosciences.com\/fr\/wp-json\/wp\/v2\/media?parent=303"}],"curies":[{"name":"wp","href":"https:\/\/api.w.org\/{rel}","templated":true}]}}