{"id":278,"date":"2025-06-16T19:06:50","date_gmt":"2025-06-16T19:06:50","guid":{"rendered":"http:\/\/liminal.miara.co.uk\/?page_id=278"},"modified":"2025-07-09T11:25:14","modified_gmt":"2025-07-09T11:25:14","slug":"conseillers-principaux","status":"publish","type":"page","link":"https:\/\/liminalbiosciences.com\/fr\/a-propos-de-nous\/conseillers-principaux\/","title":{"rendered":"Conseillers Principaux"},"content":{"rendered":"<div class=\"title-block\"><div id=\"top-bg\" class=\"small\">\n\t<img decoding=\"async\" src=\"https:\/\/liminalbiosciences.com\/wp-content\/themes\/liminal\/images\/top-bg.png\" \/>\n<\/div>\n<div class=\"cont\">\n    <h1>Conseillers Principaux<\/h1><\/div><\/div>\n\n\n<div class=\"wp-block-columns is-layout-flex wp-container-core-columns-is-layout-9d6595d7 wp-block-columns-is-layout-flex\">\n<div class=\"wp-block-column is-layout-flow wp-block-column-is-layout-flow\">\n<div class=\"cont paragraph\" data-scroll><p> L\u2019\u00e9quipe de direction est soutenue par des conseillers scientifiques et strat\u00e9giques s\u00e9niors, notamment: <\/p><\/div>\n<\/div>\n<\/div>\n\n\n<div class=\"team-block\"><div class=\"wrapper\">\n\t\t\t\t\t\n\t\t<div id=\"team\">\t\n\t\t\t\t\t<div class=\"member\" data-no=\"1\">\t\t\t\t<div class=\"image\" style=\"background-image: url(https:\/\/liminalbiosciences.com\/wp-content\/uploads\/2025\/06\/placeholder-male.jpg)\"><\/div>\t\t\t\t<div class=\"name\">Dr. Chris Brearley, MRCP, DipPharmMed, FFPM<\/div>\n\t\t\t\t\t\t\t\t\t\t<div class=\"title\">Chef de la direction m\u00e9dicale par int\u00e9rim<\/div>\n\t\t\t\t\t\t\t\t\t\t\t\t<\/div>\t\t\t\t\t<div class=\"member\" data-no=\"2\">\t\t\t\t<div class=\"image\" style=\"background-image: url(https:\/\/liminalbiosciences.com\/wp-content\/uploads\/2025\/06\/placeholder-male.jpg)\"><\/div>\t\t\t\t<div class=\"name\">Nick Dance<\/div>\n\t\t\t\t\t\t\t\t\t\t<div class=\"title\">Directeur, Qualit\u00e9<\/div>\n\t\t\t\t\t\t\t\t\t\t\t\t<\/div>\t\t\t\t\t<div class=\"member\" data-no=\"3\">\t\t\t\t<div class=\"image\" style=\"background-image: url(https:\/\/liminalbiosciences.com\/wp-content\/uploads\/2025\/06\/placeholder-male.jpg)\"><\/div>\t\t\t\t<div class=\"name\">Michael Mulqueen<\/div>\n\t\t\t\t\t\t\t\t\t\t<div class=\"title\">Directeur, d\u00e9veloppement des affaires<\/div>\n\t\t\t\t\t\t\t\t\t\t\t\t<\/div>\t\t\t\t<\/div>\n\t\t<div class=\"clear\"><\/div>\n\t\t\t\t\n\n\t<div id=\"fade\"><\/div>\n\t<div id=\"detail\">\n\t\t<div id=\"slider\">\n\t\t\t<a href=\"#\" class=\"control_next\"><\/a>\n\t\t\t<a href=\"#\" class=\"control_prev\"><\/a>\n\t\t\t<a href=\"#\" class=\"close\"><\/a>\n\t\t\t<div id=\"images\">\n\t\t\t\t\t\t\t\t\t<div class=\"image\" data-no=\"1\" style=\"background-image: url(https:\/\/liminalbiosciences.com\/wp-content\/uploads\/2025\/06\/male-placeholder-image.jpeg)\"><\/div>\t\t\t\t\t\t\t\t\t<div class=\"image\" data-no=\"2\" style=\"background-image: url(https:\/\/liminalbiosciences.com\/wp-content\/uploads\/2025\/06\/male-placeholder-image.jpeg)\"><\/div>\t\t\t\t\t\t\t\t\t<div class=\"image\" data-no=\"3\" style=\"background-image: url(https:\/\/liminalbiosciences.com\/wp-content\/uploads\/2025\/06\/male-placeholder-image.jpeg)\"><\/div>\t\t\t\t\t\t\t<\/div>\n\t\t<\/div>\n\t\t<div id=\"slider-bar\">\n\t\t\t<div id=\"cont\">\n\t\t\t\t\t\t\t\t\t<div class=\"image\" data-no=\"1\" style=\"background-image: url(https:\/\/liminalbiosciences.com\/wp-content\/uploads\/2025\/06\/placeholder-male.jpg)\"><\/div>\t\t\t\t\t\t\t\t\t<div class=\"image\" data-no=\"2\" style=\"background-image: url(https:\/\/liminalbiosciences.com\/wp-content\/uploads\/2025\/06\/placeholder-male.jpg)\"><\/div>\t\t\t\t\t\t\t\t\t<div class=\"image\" data-no=\"3\" style=\"background-image: url(https:\/\/liminalbiosciences.com\/wp-content\/uploads\/2025\/06\/placeholder-male.jpg)\"><\/div>\t\t\t\t\t\t\t<\/div>\n\t\t<\/div>\n\t\t<div id=\"slider-cont\">\n\t\t\t<div id=\"cont\">\n\t\t\t\t\t\t\t\t\t<div class=\"cont ig-1\">\n\t\t\t\t\t\t<div class=\"name\">Dr. Chris Brearley, MRCP, DipPharmMed, FFPM<\/div>\n\t\t\t\t\t\t<div class=\"title\">Chef de la direction m\u00e9dicale par int\u00e9rim<\/div>\n\t\t\t\t\t\t<div class=\"divi\"><\/div>\n\t\t\t\t\t\t<div class=\"description\"><p>Chris est un m\u00e9decin-chercheur chevronn\u00e9, fort de plus de 30 ans d\u2019exp\u00e9rience en leadership dans le d\u00e9veloppement mondial de m\u00e9dicaments. Il a joint Liminal Biosciences en tant que Chef de la direction m\u00e9dicale par int\u00e9rim en avril 2025, apportant une expertise approfondie en m\u00e9decine translationnelle, pharmacologie clinique et d\u00e9veloppement en phases pr\u00e9coces.<\/p>\n<p>Chez Liminal, Chris soutient la strat\u00e9gie clinique et le d\u00e9veloppement de nos produits candidats de petites mol\u00e9cules ciblant les maladies m\u00e9taboliques, inflammatoires et fibrotiques. Il a occup\u00e9 des postes de direction en R&amp;D chez Pfizer, Amgen, Serono et Dainippon Sumitomo Pharma, et a dirig\u00e9 de nombreux programmes de premi\u00e8re administration chez l\u2019humain et de phases pr\u00e9coces dans divers domaines th\u00e9rapeutiques, notamment l\u2019immunologie, la neuroscience, la n\u00e9phrologie et les troubles m\u00e9taboliques.<\/p>\n<p>Chris a travaill\u00e9 sur plus de 20 indications th\u00e9rapeutiques, avec un accent particulier sur le d\u00e9veloppement guid\u00e9 par les biomarqueurs, la m\u00e9decine de pr\u00e9cision et l\u2019int\u00e9gration d\u2019outils translationnels tels que la neuroimagerie et les crit\u00e8res m\u00e9canistiques. Il poss\u00e8de une vaste exp\u00e9rience en s\u00e9lection de doses, en att\u00e9nuation des risques et en planification du d\u00e9veloppement p\u00e9diatrique.<\/p>\n<p>Il a contribu\u00e9 au d\u00e9p\u00f4t de soumissions r\u00e9glementaires mondiales et \u00e0 des interactions avec les agences aux \u00c9tats-Unis, dans l\u2019Union europ\u00e9enne, au Japon, en Cor\u00e9e et en Chine, y compris les demandes d\u2019essais cliniques et demande d\u2019autorisation de mise en march\u00e9. Ses comp\u00e9tences av\u00e9r\u00e9es en mati\u00e8re de d\u00e9veloppement r\u00e9glementaire et clinique renforcent la capacit\u00e9 de Liminal \u00e0 faire progresser des actifs diff\u00e9renci\u00e9s avec rapidit\u00e9, rigueur et clart\u00e9 strat\u00e9gique.<\/p>\n<p>Chris joue un r\u00f4le cl\u00e9 dans l\u2019acc\u00e9l\u00e9ration de la mission de Liminal, qui est de fournir des th\u00e9rapies transformatrices aux patients atteints de maladies graves et peu prises en charge.<\/p>\n<\/div>\n\t\t\t\t\t\t<a class=\"linkedin\" target=\"_blank\" href=\"\"><\/a>\n\t\t\t\t\t<\/div>\n\t\t\t\t\t\t\t\t\t<div class=\"cont ig-2\">\n\t\t\t\t\t\t<div class=\"name\">Nick Dance<\/div>\n\t\t\t\t\t\t<div class=\"title\">Directeur, Qualit\u00e9<\/div>\n\t\t\t\t\t\t<div class=\"divi\"><\/div>\n\t\t\t\t\t\t<div class=\"description\"><p>Nick est un sp\u00e9cialiste chevronn\u00e9 de la conformit\u00e9 r\u00e9glementaire et un gestionnaire de la qualit\u00e9, avec plus de 25 ans d\u2019expertise dans l\u2019industrie biopharmaceutique. Sa carri\u00e8re \u00e9tendue comprend des r\u00f4les de leadership en assurance qualit\u00e9 dans des environnements BPL, BPC et BPF, avec un accent sur les audits cliniques et pr\u00e9cliniques, les syst\u00e8mes de gestion de la qualit\u00e9, le d\u00e9veloppement de proc\u00e9dures op\u00e9ratoires normalis\u00e9es (SOP), la formation du personnel et la pr\u00e9paration aux inspections. L\u2019exp\u00e9rience de Nick couvre un large \u00e9ventail de collaborations avec des soci\u00e9t\u00e9s pharmaceutiques, des CRO, des centres de recherche gouvernementaux et des entreprises de biotechnologie \u00e0 l\u2019\u00e9chelle mondiale.<\/p>\n<p>Depuis janvier 2025, Nick occupe le poste de Directeur qualit\u00e9 en tant que consultant chez Liminal, o\u00f9 il fournit un leadership strat\u00e9gique en mati\u00e8re de qualit\u00e9, des conseils r\u00e9glementaires et une supervision de la conformit\u00e9 pour soutenir les programmes de d\u00e9veloppement clinique de l\u2019entreprise. Dans ce r\u00f4le, il met \u00e0 profit sa connaissance approfondie des r\u00e9glementations mondiales et des normes de qualit\u00e9 afin de garantir l\u2019excellence op\u00e9rationnelle de Liminal et la r\u00e9ussite de ses d\u00e9marches r\u00e9glementaires.<\/p>\n<p>Tout au long de sa carri\u00e8re, Nick a g\u00e9r\u00e9 des syst\u00e8mes qualit\u00e9 pour un large \u00e9ventail d\u2019entreprises biopharmaceutiques, a soutenu des promoteurs de premiers essais cliniques et contribu\u00e9 \u00e0 des inspections r\u00e9glementaires r\u00e9ussies sans constat critique. Son approche pragmatique de la qualit\u00e9 et sa vaste expertise r\u00e9glementaire font de lui un conseiller de confiance dans le domaine.<\/p>\n<\/div>\n\t\t\t\t\t\t<a class=\"linkedin\" target=\"_blank\" href=\"\"><\/a>\n\t\t\t\t\t<\/div>\n\t\t\t\t\t\t\t\t\t<div class=\"cont ig-3\">\n\t\t\t\t\t\t<div class=\"name\">Michael Mulqueen<\/div>\n\t\t\t\t\t\t<div class=\"title\">Directeur, d\u00e9veloppement des affaires<\/div>\n\t\t\t\t\t\t<div class=\"divi\"><\/div>\n\t\t\t\t\t\t<div class=\"description\"><p>Mike est un dirigeant chevronn\u00e9 de l\u2019industrie pharmaceutique, avec plus de 30 ans d\u2019exp\u00e9rience en d\u00e9veloppement des affaires, en relations avec les investisseurs et en croissance strat\u00e9gique, tant dans les grandes entreprises pharmaceutiques que dans le secteur des biotechnologies. Fort d\u2019une solide formation scientifique en immunologie, neurosciences et virologie, il se sp\u00e9cialise dans la transformation de l\u2019innovation scientifique en partenariats commerciaux fructueux et en opportunit\u00e9s d\u2019investissement.<\/p>\n<p>En avril 2025, Mike a d\u00e9but\u00e9 son r\u00f4le en tant que consultant Directeur, d\u00e9veloppement des affaires chez Liminal, o\u00f9 il se concentre sur l\u2019avancement de partenariats strat\u00e9giques, le renforcement des relations avec les investisseurs et mener des n\u00e9gociations commerciales pour soutenir la croissance de l\u2019entreprise et renforcer sa position sur le march\u00e9 pharmaceutique concurrentiel.<\/p>\n<p>Au cours de sa carri\u00e8re, Mike a dirig\u00e9 des initiatives de lev\u00e9e de fonds d\u00e9passant 120 millions d\u2019Euros et g\u00e9r\u00e9 des processus complexes de v\u00e9rification diligente pour des acquisitions, des cessions et des op\u00e9rations de fusions et acquisitions de produits. Chez Roche, il a jou\u00e9 un r\u00f4le cl\u00e9 dans la r\u00e9orientation de l\u2019unit\u00e9 de d\u00e9veloppement commercial, concluant 85 accords de licence en quatre ans et concluant plus de 30 transactions majeures \u00e9valu\u00e9es \u00e0 plus de 2,3 milliards de dollars.<\/p>\n<p>Il poss\u00e8de une vaste exp\u00e9rience dans les relations avec les investisseurs, la r\u00e9alisation de pr\u00e9sentations devant les conseils d\u2019administration et la pr\u00e9sidence de comit\u00e9s de gouvernance de haut niveau afin d\u2019assurer l\u2019alignement des strat\u00e9gies de portefeuille avec les objectifs de l\u2019entreprise. Mike excelle dans l\u2019\u00e9tablissement de relations solides avec les investisseurs et favoriser des collaborations strat\u00e9giques qui optimisent la cr\u00e9ation de valeur pour l\u2019ensemble des parties prenantes.<\/p>\n<\/div>\n\t\t\t\t\t\t<a class=\"linkedin\" target=\"_blank\" href=\"\"><\/a>\n\t\t\t\t\t<\/div>\n\t\t\t\t\t\t\t<\/div>\n\t\t<\/div>\t\n\t<\/div>\n<\/div><\/div>","protected":false},"excerpt":{"rendered":"<p>L\u2019\u00e9quipe de direction est soutenue par des conseillers scientifiques et strat\u00e9giques s\u00e9niors, notamment:<\/p>\n","protected":false},"author":2,"featured_media":0,"parent":265,"menu_order":0,"comment_status":"closed","ping_status":"closed","template":"","meta":{"_acf_changed":false,"footnotes":""},"class_list":["post-278","page","type-page","status-publish","hentry"],"acf":[],"_links":{"self":[{"href":"https:\/\/liminalbiosciences.com\/fr\/wp-json\/wp\/v2\/pages\/278","targetHints":{"allow":["GET"]}}],"collection":[{"href":"https:\/\/liminalbiosciences.com\/fr\/wp-json\/wp\/v2\/pages"}],"about":[{"href":"https:\/\/liminalbiosciences.com\/fr\/wp-json\/wp\/v2\/types\/page"}],"author":[{"embeddable":true,"href":"https:\/\/liminalbiosciences.com\/fr\/wp-json\/wp\/v2\/users\/2"}],"replies":[{"embeddable":true,"href":"https:\/\/liminalbiosciences.com\/fr\/wp-json\/wp\/v2\/comments?post=278"}],"version-history":[{"count":1,"href":"https:\/\/liminalbiosciences.com\/fr\/wp-json\/wp\/v2\/pages\/278\/revisions"}],"predecessor-version":[{"id":279,"href":"https:\/\/liminalbiosciences.com\/fr\/wp-json\/wp\/v2\/pages\/278\/revisions\/279"}],"up":[{"embeddable":true,"href":"https:\/\/liminalbiosciences.com\/fr\/wp-json\/wp\/v2\/pages\/265"}],"wp:attachment":[{"href":"https:\/\/liminalbiosciences.com\/fr\/wp-json\/wp\/v2\/media?parent=278"}],"curies":[{"name":"wp","href":"https:\/\/api.w.org\/{rel}","templated":true}]}}