{"id":274,"date":"2025-06-16T10:36:24","date_gmt":"2025-06-16T10:36:24","guid":{"rendered":"http:\/\/liminal.miara.co.uk\/?page_id=274"},"modified":"2025-09-09T11:29:04","modified_gmt":"2025-09-09T11:29:04","slug":"rencontrez-lequipe-de-direction","status":"publish","type":"page","link":"https:\/\/liminalbiosciences.com\/fr\/a-propos-de-nous\/rencontrez-lequipe-de-direction\/","title":{"rendered":"Notre \u00e9quipe de direction"},"content":{"rendered":"<div class=\"title-block\"><div id=\"top-bg\" class=\"small\">\n\t<img decoding=\"async\" src=\"https:\/\/liminalbiosciences.com\/wp-content\/themes\/liminal\/images\/top-bg.png\" \/>\n<\/div>\n<div class=\"cont\">\n    <h1>Notre \u00e9quipe de direction<\/h1><\/div><\/div>\n\n\n<div class=\"wp-block-columns is-layout-flex wp-container-core-columns-is-layout-9d6595d7 wp-block-columns-is-layout-flex\">\n<div class=\"wp-block-column is-layout-flow wp-block-column-is-layout-flow\">\n<div class=\"cont paragraph\" data-scroll><p> Notre \u00e9quipe de direction est responsable de l\u2019orientation strat\u00e9gique et de la gestion du groupe Liminal BioSciences. Dans l\u2019exercice de ces responsabilit\u00e9s, l\u2019\u00e9quipe est soutenue par les membres du conseil d\u2019administration et membres consultatifs. <\/p><\/div>\n\n\n\n<hr class=\"wp-block-separator has-alpha-channel-opacity\"\/>\n<\/div>\n<\/div>\n\n\n<div class=\"team-block\"><div class=\"wrapper\">\n\t\t\t\t\t\n\t\t<div id=\"team\">\t\n\t\t\t\t\t<div class=\"member\" data-no=\"1\">\t\t\t\t<div class=\"image\" style=\"background-image: url(https:\/\/liminalbiosciences.com\/wp-content\/uploads\/2025\/06\/Bruce-286-1-1024x474.jpeg)\"><\/div>\t\t\t\t<div class=\"name\"><strong>Bruce Pritchard<\/strong>, BA, CA, FioD<\/div>\n\t\t\t\t\t\t\t\t\t\t<div class=\"title\">Chef de la direction<\/div>\n\t\t\t\t\t\t\t\t\t\t\t\t\t\t<a href=\"https:\/\/www.linkedin.com\/in\/bruce-pritchard-034258a\/\" target=\"_blank\" class=\"linkedin\"><\/a>\n\t\t\t\t\t\t\t<\/div>\t\t\t\t\t<div class=\"member\" data-no=\"2\">\t\t\t\t<div class=\"image\" style=\"background-image: url(https:\/\/liminalbiosciences.com\/wp-content\/uploads\/2025\/06\/Marie-466-1-1024x474.jpeg)\"><\/div>\t\t\t\t<div class=\"name\"><strong>Marie Iskra<\/strong>, LL.B. <\/div>\n\t\t\t\t\t\t\t\t\t\t<div class=\"title\">Chef des affaires juridiques, avocate g\u00e9n\u00e9rale et secr\u00e9taire<\/div>\n\t\t\t\t\t\t\t\t\t\t\t\t\t\t<a href=\"https:\/\/www.linkedin.com\/in\/marie-iskra-a649ba15\/\" target=\"_blank\" class=\"linkedin\"><\/a>\n\t\t\t\t\t\t\t<\/div>\t\t\t\t\t<div class=\"member\" data-no=\"3\">\t\t\t\t<div class=\"image\" style=\"background-image: url(https:\/\/liminalbiosciences.com\/wp-content\/uploads\/2025\/06\/Gary-168-1024x474.jpeg)\"><\/div>\t\t\t\t<div class=\"name\"><strong>Dr. Gary Bridger<\/strong>, Ph.D.<\/div>\n\t\t\t\t\t\t\t\t\t\t<div class=\"title\">Directeur scientifique int\u00e9rimaire<\/div>\n\t\t\t\t\t\t\t\t\t\t\t\t<\/div>\t\t\t\t<\/div>\n\t\t<div class=\"clear\"><\/div>\n\t\t\t\t\n\n\t<div id=\"fade\"><\/div>\n\t<div id=\"detail\">\n\t\t<div id=\"slider\">\n\t\t\t<a href=\"#\" class=\"control_next\"><\/a>\n\t\t\t<a href=\"#\" class=\"control_prev\"><\/a>\n\t\t\t<a href=\"#\" class=\"close\"><\/a>\n\t\t\t<div id=\"images\">\n\t\t\t\t\t\t\t\t\t<div class=\"image\" data-no=\"1\" style=\"background-image: url(https:\/\/liminalbiosciences.com\/wp-content\/uploads\/2025\/06\/Bruce-286.jpeg)\"><\/div>\t\t\t\t\t\t\t\t\t<div class=\"image\" data-no=\"2\" style=\"background-image: url(https:\/\/liminalbiosciences.com\/wp-content\/uploads\/2025\/06\/Marie-466.jpeg)\"><\/div>\t\t\t\t\t\t\t\t\t<div class=\"image\" data-no=\"3\" style=\"background-image: url(https:\/\/liminalbiosciences.com\/wp-content\/uploads\/2025\/06\/Gary-168-1.jpeg)\"><\/div>\t\t\t\t\t\t\t<\/div>\n\t\t<\/div>\n\t\t<div id=\"slider-bar\">\n\t\t\t<div id=\"cont\">\n\t\t\t\t\t\t\t\t\t<div class=\"image\" data-no=\"1\" style=\"background-image: url(https:\/\/liminalbiosciences.com\/wp-content\/uploads\/2025\/06\/Bruce-286-1.jpeg)\"><\/div>\t\t\t\t\t\t\t\t\t<div class=\"image\" data-no=\"2\" style=\"background-image: url(https:\/\/liminalbiosciences.com\/wp-content\/uploads\/2025\/06\/Marie-466-1.jpeg)\"><\/div>\t\t\t\t\t\t\t\t\t<div class=\"image\" data-no=\"3\" style=\"background-image: url(https:\/\/liminalbiosciences.com\/wp-content\/uploads\/2025\/06\/Gary-168.jpeg)\"><\/div>\t\t\t\t\t\t\t<\/div>\n\t\t<\/div>\n\t\t<div id=\"slider-cont\">\n\t\t\t<div id=\"cont\">\n\t\t\t\t\t\t\t\t\t<div class=\"cont ig-1\">\n\t\t\t\t\t\t<div class=\"name\"><strong>Bruce Pritchard<\/strong>, BA, CA, FioD<\/div>\n\t\t\t\t\t\t<div class=\"title\">Chef de la direction<\/div>\n\t\t\t\t\t\t<div class=\"divi\"><\/div>\n\t\t\t\t\t\t<div class=\"description\"><p>Bruce a \u00e9t\u00e9 nomm\u00e9 Chef de la direction de Liminal, effectif le 13 novembre 2020. Pr\u00e9c\u00e9demment, il a occup\u00e9 un des deux postes de Chef de l\u2019exploitation. Dans ce r\u00f4le, il \u00e9tait responsable des activit\u00e9s de d\u00e9couverte, de d\u00e9veloppement clinique, de gestion de programme, de CFC et de d\u00e9veloppement des affaires en lien avec les produits th\u00e9rapeutiques \u00e0 base de petites mol\u00e9cules.<\/p>\n<p>Comptable de formation, il a travaill\u00e9 pendant pr\u00e8s de trois d\u00e9cennies dans l\u2019industrie pharmaceutique et des sciences biologiques. Il poss\u00e8de plus de dix-huit ann\u00e9es d\u2019exp\u00e9rience au sein de Liminal et y a occup\u00e9 de nombreux postes de haute direction \u00e0 l\u2019\u00e9chelle mondiale.<\/p>\n<p>Avant d\u2019\u00eatre nomm\u00e9 chef de la direction, il a tenu le poste de chef de l\u2019exploitation depuis 2014. Pr\u00e9c\u00e9demment, il \u00e9tait chef de la direction financi\u00e8re du Groupe depuis 2008. Bruce pr\u00e9sente une feuille de route \u00e9loquente en mati\u00e8re d\u2019acquisitions strat\u00e9giques et de financement par emprunts et capitaux propres.<\/p>\n<p>En plus d\u2019\u00eatre comptable agr\u00e9\u00e9, Bruce a pu, dans le cadre de ses fonctions, mettre \u00e0 profit ses nombreuses ann\u00e9es d\u2019exp\u00e9rience li\u00e9e \u00e0 la gestion g\u00e9n\u00e9rale et \u00e0 l\u2019exploitation. Avant de se joindre \u00e0 Liminal, Bruce a travaill\u00e9 \u00e0 titre de directeur principal pour CV Therapeutics, une entreprise biopharmaceutique inscrite au NASDAQ.<\/p>\n<p>Bruce est un dipl\u00f4m\u00e9 de l\u2019Universit\u00e9 Heriot-Watt, o\u00f9 il a obtenu un baccalaur\u00e9at combin\u00e9 en comptabilit\u00e9 et en informatique. Il est membre de la Institute of Chartered Accountants of Scotland et de la Institute of Directors. Il occupe \u00e9galement le poste de Chair for Court \u00e0 l\u2019Universit\u00e9 Heriot-Watt et administrateur non dirigeant et pr\u00e9sident du comit\u00e9 de v\u00e9rification pour The Rosalind Franklin Institute et a anciennement \u00e9t\u00e9 Deputy President du Institute of Chartered Accountants of Scotland.<\/p>\n<p>Bruce est bas\u00e9 au Royaume-Uni.<\/p>\n<\/div>\n\t\t\t\t\t\t<a class=\"linkedin\" target=\"_blank\" href=\"https:\/\/www.linkedin.com\/in\/bruce-pritchard-034258a\/\"><\/a>\n\t\t\t\t\t<\/div>\n\t\t\t\t\t\t\t\t\t<div class=\"cont ig-2\">\n\t\t\t\t\t\t<div class=\"name\"><strong>Marie Iskra<\/strong>, LL.B. <\/div>\n\t\t\t\t\t\t<div class=\"title\">Chef des affaires juridiques, avocate g\u00e9n\u00e9rale et secr\u00e9taire<\/div>\n\t\t\t\t\t\t<div class=\"divi\"><\/div>\n\t\t\t\t\t\t<div class=\"description\"><p>Marie est Chef des affaires juridiques, avocate g\u00e9n\u00e9rale et secr\u00e9taire du Groupe Liminal. Marie supervise les fonctions juridiques, de conformit\u00e9, de propri\u00e9t\u00e9 intellectuelle et de gouvernance de l\u2019entreprise. Marie est \u00e9galement Secr\u00e9taire Corporative pour Liminal.<\/p>\n<p>Marie a joint Liminal en 2013 et a occup\u00e9 les postes d\u2019Avocate g\u00e9n\u00e9rale associ\u00e9e et de Conseill\u00e8re juridique principale. Marie poss\u00e8de plus de vingt ann\u00e9es d\u2019exp\u00e9rience au sein de l\u2019industrie pharmaceutique et des sciences de la vie avec une vaste exp\u00e9rience dans les transactions de financement, les op\u00e9rations li\u00e9es aux licences strat\u00e9giques et aux partenariats, ainsi que dans les acquisitions, les ententes d\u2019essais cliniques, les accords de distribution, les accords d\u2019approvisionnement et les collaborations en R&amp;D. Marie est \u00e9galement pr\u00e9sidente du comit\u00e9 de protection des donn\u00e9es et du comit\u00e9 de divulgation.<\/p>\n<p>Avant de se joindre \u00e0 Liminal, Marie a \u00e9t\u00e9 Directrice des affaires juridiques chez Jubilant DraxImage et Jubilant Hollister Stier et a \u00e9galement \u0153uvr\u00e9 comme Conseill\u00e8re juridique chez DRAXIS Health Inc., avant son acquisition par Jubilant Life Sciences Inc. Avant de se joindre \u00e0 DRAXIS Health Inc., Marie \u00e9tait Conseill\u00e8re juridique, Secr\u00e9taire corporative et repr\u00e9sentante locale en \u00e9thique chez Rolls-Royce Canada Limited.<\/p>\n<p>Marie est dipl\u00f4m\u00e9e de l\u2019Universit\u00e9 de Montr\u00e9al avec un baccalaur\u00e9at en droit (LLB) en 2000 et est membre du Barreau du Qu\u00e9bec. Marie est \u00e9galement titulaire d\u2019un certificat en arts et sciences de l\u2019Universit\u00e9 de Montr\u00e9al (1997).<\/p>\n<\/div>\n\t\t\t\t\t\t<a class=\"linkedin\" target=\"_blank\" href=\"https:\/\/www.linkedin.com\/in\/marie-iskra-a649ba15\/\"><\/a>\n\t\t\t\t\t<\/div>\n\t\t\t\t\t\t\t\t\t<div class=\"cont ig-3\">\n\t\t\t\t\t\t<div class=\"name\"><strong>Dr. Gary Bridger<\/strong>, Ph.D.<\/div>\n\t\t\t\t\t\t<div class=\"title\">Directeur scientifique int\u00e9rimaire<\/div>\n\t\t\t\t\t\t<div class=\"divi\"><\/div>\n\t\t\t\t\t\t<div class=\"description\"><p>Gary est titulaire d\u2019un doctorat en chimie organique de l\u2019Institut des sciences et technologies de l\u2019Universit\u00e9 de Manchester.<\/p>\n<p>Gary poss\u00e8de une vaste exp\u00e9rience en mati\u00e8re de direction de la recherche et du d\u00e9veloppement jusqu\u2019\u00e0 la phase de commercialisation. Il a pr\u00e9c\u00e9demment \u00e9t\u00e9 vice-pr\u00e9sident ex\u00e9cutif de la recherche et du d\u00e9veloppement au sein de la soci\u00e9t\u00e9 Xenon Pharmaceuticals Inc. et premier vice-pr\u00e9sident de la recherche et du d\u00e9veloppement chez Genzyme Corporation. Il a par ailleurs cofond\u00e9 la soci\u00e9t\u00e9 AnorMED Inc. qui a \u00e9ventuellement \u00e9t\u00e9 rachet\u00e9e par Genzyme. Gary a pr\u00e9c\u00e9demment si\u00e9g\u00e9 \u00e0 titre d\u2019administrateur sur le conseil d\u2019administration d\u2019Aquinox Pharmaceuticals et a \u00e9t\u00e9 dirigeant de Five Corners Capital Inc. ainsi qu\u2019un partenaire de capital-risque chez Venture West Capital Management, une firme de capital-risque.<\/p>\n<\/div>\n\t\t\t\t\t\t<a class=\"linkedin\" target=\"_blank\" href=\"\"><\/a>\n\t\t\t\t\t<\/div>\n\t\t\t\t\t\t\t<\/div>\n\t\t<\/div>\t\n\t<\/div>\n<\/div><\/div>\n\n\n<div class=\"wp-block-columns is-layout-flex wp-container-core-columns-is-layout-9d6595d7 wp-block-columns-is-layout-flex\">\n<div class=\"wp-block-column is-layout-flow wp-block-column-is-layout-flow\">\n<div class=\"cont paragraph\" data-scroll><p> L\u2019\u00e9quipe de direction est soutenue par des conseillers scientifiques et strat\u00e9giques s\u00e9niors, veuillez <a href=\"https:\/\/liminalbiosciences.com\/fr\/a-propos-de-nous\/conseillers-principaux\/\" data-type=\"page\" data-id=\"278\">cliquer ici pour plus d&#8217;informations.<\/a> <\/p><\/div>\n<\/div>\n<\/div>\n","protected":false},"excerpt":{"rendered":"<p>Notre \u00e9quipe de direction est responsable de l\u2019orientation strat\u00e9gique et de la gestion du groupe Liminal BioSciences. Dans l\u2019exercice de ces responsabilit\u00e9s, l\u2019\u00e9quipe est soutenue par les membres du conseil d\u2019administration et membres consultatifs. L\u2019\u00e9quipe de direction est soutenue par des conseillers scientifiques et strat\u00e9giques s\u00e9niors, veuillez cliquer ici pour plus d&#8217;informations.<\/p>\n","protected":false},"author":2,"featured_media":0,"parent":265,"menu_order":0,"comment_status":"closed","ping_status":"closed","template":"","meta":{"_acf_changed":false,"footnotes":""},"class_list":["post-274","page","type-page","status-publish","hentry"],"acf":[],"_links":{"self":[{"href":"https:\/\/liminalbiosciences.com\/fr\/wp-json\/wp\/v2\/pages\/274","targetHints":{"allow":["GET"]}}],"collection":[{"href":"https:\/\/liminalbiosciences.com\/fr\/wp-json\/wp\/v2\/pages"}],"about":[{"href":"https:\/\/liminalbiosciences.com\/fr\/wp-json\/wp\/v2\/types\/page"}],"author":[{"embeddable":true,"href":"https:\/\/liminalbiosciences.com\/fr\/wp-json\/wp\/v2\/users\/2"}],"replies":[{"embeddable":true,"href":"https:\/\/liminalbiosciences.com\/fr\/wp-json\/wp\/v2\/comments?post=274"}],"version-history":[{"count":4,"href":"https:\/\/liminalbiosciences.com\/fr\/wp-json\/wp\/v2\/pages\/274\/revisions"}],"predecessor-version":[{"id":331,"href":"https:\/\/liminalbiosciences.com\/fr\/wp-json\/wp\/v2\/pages\/274\/revisions\/331"}],"up":[{"embeddable":true,"href":"https:\/\/liminalbiosciences.com\/fr\/wp-json\/wp\/v2\/pages\/265"}],"wp:attachment":[{"href":"https:\/\/liminalbiosciences.com\/fr\/wp-json\/wp\/v2\/media?parent=274"}],"curies":[{"name":"wp","href":"https:\/\/api.w.org\/{rel}","templated":true}]}}