{"id":272,"date":"2025-06-16T19:06:15","date_gmt":"2025-06-16T19:06:15","guid":{"rendered":"http:\/\/liminal.miara.co.uk\/?page_id=272"},"modified":"2025-09-09T11:28:26","modified_gmt":"2025-09-09T11:28:26","slug":"notre-strategie","status":"publish","type":"page","link":"https:\/\/liminalbiosciences.com\/fr\/a-propos-de-nous\/notre-strategie\/","title":{"rendered":"Notre strat\u00e9gie"},"content":{"rendered":"<div class=\"title-block\"><div id=\"top-bg\" class=\"small\">\n\t<img decoding=\"async\" src=\"https:\/\/liminalbiosciences.com\/wp-content\/themes\/liminal\/images\/top-bg.png\" \/>\n<\/div>\n<div class=\"cont\">\n    <h1>Notre strat\u00e9gie<\/h1><\/div><\/div>\n\n\n<div class=\"wp-block-columns is-layout-flex wp-container-core-columns-is-layout-9d6595d7 wp-block-columns-is-layout-flex\">\n<div class=\"wp-block-column is-layout-flow wp-block-column-is-layout-flow\">\n<div class=\"cont paragraph\" data-scroll><p> Chez Caledon Bioscience, nous avons d\u00e9velopp\u00e9 une strat\u00e9gie visant \u00e0 construire un portefeuille plus large de nouveaux compos\u00e9s de petites mol\u00e9cules au fil du temps et \u00e0 explorer les possibilit\u00e9s de collaboration ou mon\u00e9tisation pour nos programmes de d\u00e9veloppement de petites mol\u00e9cules. <\/p><\/div>\n<\/div>\n<\/div>\n\n\n\n<div class=\"wp-block-columns is-layout-flex wp-container-core-columns-is-layout-9d6595d7 wp-block-columns-is-layout-flex\">\n<div class=\"wp-block-column is-layout-flow wp-block-column-is-layout-flow\">\n<div class=\"wp-block-columns is-layout-flex wp-container-core-columns-is-layout-9d6595d7 wp-block-columns-is-layout-flex\">\n<div class=\"wp-block-column is-layout-flow wp-block-column-is-layout-flow\">\n<div class=\"cont heading\" data-scroll><h2 class=\"wp-block-heading\"> <strong><strong>Notre portefeuille de petites mol\u00e9cules<\/strong><\/strong> <\/h2><\/div>\n\n\n\n<div class=\"cont paragraph\" data-scroll><p> Nous pensons que les petites mol\u00e9cules th\u00e9rapeutiques administr\u00e9es par voie orale pourraient surmonter les difficult\u00e9s associ\u00e9es aux m\u00e9dicaments biologiques et peptidiques, qui peuvent \u00eatre co\u00fbteux et peu pratiques pour les patients. L\u2019am\u00e9lioration de l\u2019acc\u00e8s aux traitements pourrait \u00eatre particuli\u00e8rement importante pour les maladies chroniques courantes impliquant les syst\u00e8mes endocrinien et pulmonaire. Nous pensons que notre plateforme de d\u00e9couverte de m\u00e9dicaments peut capitaliser sur les avantages des petites mol\u00e9cules th\u00e9rapeutiques puissantes et hautement s\u00e9lectives, telles qu\u2019une activit\u00e9 clinique potentiellement accrue et un profil de s\u00e9curit\u00e9 am\u00e9lior\u00e9 gr\u00e2ce \u00e0 des exigences de dosage plus faibles et plus pratiques et \u00e0 des co\u00fbts inf\u00e9rieurs. <\/p><\/div>\n\n\n\n<div class=\"cont paragraph\" data-scroll><p> Nos programmes de d\u00e9veloppement actuels se concentrent sur le d\u00e9veloppement de petites mol\u00e9cules th\u00e9rapeutiques qui modulent les r\u00e9cepteurs coupl\u00e9s aux prot\u00e9ines G (RCPG) pour le traitement des conditions m\u00e9taboliques, inflammatoires et fibrotiques. Notre portefeuille de petites mol\u00e9cules est actuellement compos\u00e9 de trois programmes de d\u00e9veloppement. Le candidat que nous avons s\u00e9lectionn\u00e9 pour le d\u00e9veloppement clinique, LMNL6511, un antagoniste s\u00e9lectif du r\u00e9cepteur GPR84, a r\u00e9cemment compl\u00e9t\u00e9 un premier essai clinique de phase 1 SAD\/MAD chez l\u2019humain au Royaume-Uni et a r\u00e9cemment commenc\u00e9 un essai clinique de phase 1b \u00e0 doses multiples contr\u00f4l\u00e9 par placebo chez des participants en sant\u00e9. Nous d\u00e9veloppons \u00e9galement des antagonistes de l\u2019OXER1 et des agonistes du GPR40, qui sont tous deux au stade pr\u00e9clinique. <\/p><\/div>\n<\/div>\n\n\n\n<div class=\"wp-block-column is-layout-flow wp-block-column-is-layout-flow\">\n<div class=\"cont heading\" data-scroll><h2 class=\"wp-block-heading\"> <strong><strong>Faire progresser le d\u00e9veloppement clinique de nos produits candidats \u00e0 base de petites mol\u00e9cules<\/strong><\/strong> <\/h2><\/div>\n\n\n\n<div class=\"cont paragraph\" data-scroll><p> Notre objectif est de tirer parti de notre expertise en d\u00e9couverte de m\u00e9dicaments et en gestion de projets afin de d\u00e9velopper de nouvelles petites mol\u00e9cules th\u00e9rapeutiques distinctives pour traiter la biologie complexe des maladies m\u00e9taboliques, inflammatoires et fibrotiques via des opportunit\u00e9s de partenariats afin de r\u00e9pondre \u00e0 un large \u00e9ventail de besoins importants non satisfaits. <\/p><\/div>\n<\/div>\n<\/div>\n<\/div>\n<\/div>\n","protected":false},"excerpt":{"rendered":"<p>Chez Caledon Bioscience, nous avons d\u00e9velopp\u00e9 une strat\u00e9gie visant \u00e0 construire un portefeuille plus large de nouveaux compos\u00e9s de petites mol\u00e9cules au fil du temps et \u00e0 explorer les possibilit\u00e9s de collaboration ou mon\u00e9tisation pour nos programmes de d\u00e9veloppement de petites mol\u00e9cules. Notre portefeuille de petites mol\u00e9cules Nous pensons que les petites mol\u00e9cules th\u00e9rapeutiques administr\u00e9es [&hellip;]<\/p>\n","protected":false},"author":2,"featured_media":0,"parent":265,"menu_order":0,"comment_status":"closed","ping_status":"closed","template":"","meta":{"_acf_changed":false,"footnotes":""},"class_list":["post-272","page","type-page","status-publish","hentry"],"acf":[],"_links":{"self":[{"href":"https:\/\/liminalbiosciences.com\/fr\/wp-json\/wp\/v2\/pages\/272","targetHints":{"allow":["GET"]}}],"collection":[{"href":"https:\/\/liminalbiosciences.com\/fr\/wp-json\/wp\/v2\/pages"}],"about":[{"href":"https:\/\/liminalbiosciences.com\/fr\/wp-json\/wp\/v2\/types\/page"}],"author":[{"embeddable":true,"href":"https:\/\/liminalbiosciences.com\/fr\/wp-json\/wp\/v2\/users\/2"}],"replies":[{"embeddable":true,"href":"https:\/\/liminalbiosciences.com\/fr\/wp-json\/wp\/v2\/comments?post=272"}],"version-history":[{"count":2,"href":"https:\/\/liminalbiosciences.com\/fr\/wp-json\/wp\/v2\/pages\/272\/revisions"}],"predecessor-version":[{"id":330,"href":"https:\/\/liminalbiosciences.com\/fr\/wp-json\/wp\/v2\/pages\/272\/revisions\/330"}],"up":[{"embeddable":true,"href":"https:\/\/liminalbiosciences.com\/fr\/wp-json\/wp\/v2\/pages\/265"}],"wp:attachment":[{"href":"https:\/\/liminalbiosciences.com\/fr\/wp-json\/wp\/v2\/media?parent=272"}],"curies":[{"name":"wp","href":"https:\/\/api.w.org\/{rel}","templated":true}]}}