{"id":268,"date":"2025-07-09T11:08:43","date_gmt":"2025-07-09T11:08:43","guid":{"rendered":"http:\/\/liminal.miara.co.uk\/?page_id=268"},"modified":"2025-07-09T11:11:24","modified_gmt":"2025-07-09T11:11:24","slug":"nos-valeurs","status":"publish","type":"page","link":"https:\/\/liminalbiosciences.com\/fr\/a-propos-de-nous\/nos-valeurs\/","title":{"rendered":"Nos valeurs"},"content":{"rendered":"<div class=\"title-block\"><div id=\"top-bg\" class=\"small\">\n\t<img decoding=\"async\" src=\"https:\/\/liminalbiosciences.com\/wp-content\/themes\/liminal\/images\/top-bg.png\" \/>\n<\/div>\n<div class=\"cont\">\n    <h1>Nos valeurs<\/h1><\/div><\/div>\n\n\n<div class=\"wp-block-columns is-layout-flex wp-container-core-columns-is-layout-9d6595d7 wp-block-columns-is-layout-flex\">\n<div class=\"wp-block-column is-layout-flow wp-block-column-is-layout-flow\">\n<div class=\"cont paragraph\" data-scroll><p> Nos valeurs sont au c\u0153ur de qui nous sommes, de ce que nous faisons et de la mani\u00e8re dont nous y arrivons. <\/p><\/div>\n<\/div>\n<\/div>\n\n\n\n<div class=\"wp-block-columns are-vertically-aligned-top spaced is-layout-flex wp-container-core-columns-is-layout-9d6595d7 wp-block-columns-is-layout-flex\">\n<div class=\"wp-block-column is-vertically-aligned-top is-layout-flow wp-block-column-is-layout-flow\" style=\"flex-basis:30%\">\n<iframe loading=\"lazy\" width=\"560\" height=\"315\" src=\"https:\/\/www.youtube-nocookie.com\/embed\/pUTwaeqGXkY?controls=0\" title=\"YouTube video player\" frameborder=\"0\" allow=\"accelerometer; autoplay; clipboard-write; encrypted-media; gyroscope; picture-in-picture; web-share\" allowfullscreen><\/iframe>\n\n\n\n<div style=\"height:20px\" aria-hidden=\"true\" class=\"wp-block-spacer\"><\/div>\n\n\n\n<div class=\"cont heading\" data-scroll><h2 class=\"wp-block-heading\"> <strong>Confiance<\/strong> <\/h2><\/div>\n\n\n\n<div class=\"cont paragraph\" data-scroll><p> <strong>La conviction de la comp\u00e9tence et la fiabilit\u00e9 des autres<\/strong> <\/p><\/div>\n\n\n\n<ol class=\"wp-block-list\">\n<li>Communications transparentes (\u00e0 l\u2019interne et \u00e0 l\u2019externe)<\/li>\n\n\n\n<li>Leadership courageux<\/li>\n\n\n\n<li>Soutenir l\u2019autonomie<\/li>\n\n\n\n<li>Accorder d\u2019embl\u00e9e la confiance<\/li>\n<\/ol>\n<\/div>\n\n\n\n<div class=\"wp-block-column is-vertically-aligned-top is-layout-flow wp-block-column-is-layout-flow\" style=\"flex-basis:30%\">\n<iframe loading=\"lazy\" width=\"560\" height=\"315\" src=\"https:\/\/www.youtube-nocookie.com\/embed\/d2GQARsP4PA?controls=0\" title=\"YouTube video player\" frameborder=\"0\" allow=\"accelerometer; autoplay; clipboard-write; encrypted-media; gyroscope; picture-in-picture; web-share\" allowfullscreen><\/iframe>\n\n\n\n<div style=\"height:20px\" aria-hidden=\"true\" class=\"wp-block-spacer\"><\/div>\n\n\n\n<div class=\"cont heading\" data-scroll><h2 class=\"wp-block-heading\"> <strong><strong>Responsabilisation<\/strong><\/strong> <\/h2><\/div>\n\n\n\n<div class=\"cont paragraph\" data-scroll><p> <strong>Fiabilit\u00e9 et responsabilit\u00e9<\/strong> <\/p><\/div>\n\n\n\n<ol class=\"wp-block-list\">\n<li>Respecter ses engagements<\/li>\n\n\n\n<li>Prendre l\u2019initiative<\/li>\n\n\n\n<li>Faire ce qu\u2019il faut \u2013 Pour toutes les parties prenantes (patients, employ\u00e9s, actionnaires)<\/li>\n\n\n\n<li>Attitude positive<\/li>\n<\/ol>\n<\/div>\n\n\n\n<div class=\"wp-block-column is-vertically-aligned-top is-layout-flow wp-block-column-is-layout-flow\" style=\"flex-basis:30%\">\n<iframe loading=\"lazy\" width=\"560\" height=\"315\" src=\"https:\/\/www.youtube-nocookie.com\/embed\/-Usf2PhCDd0?controls=0\" title=\"YouTube video player\" frameborder=\"0\" allow=\"accelerometer; autoplay; clipboard-write; encrypted-media; gyroscope; picture-in-picture; web-share\" allowfullscreen><\/iframe>\n\n\n\n<div style=\"height:20px\" aria-hidden=\"true\" class=\"wp-block-spacer\"><\/div>\n\n\n\n<div class=\"cont heading\" data-scroll><h2 class=\"wp-block-heading\"> Teamwork <\/h2><\/div>\n\n\n\n<div class=\"cont paragraph\" data-scroll><p> <strong><strong>Mettre \u00e0 profit les comp\u00e9tences de chacun et se soutenir mutuellement<\/strong><\/strong> <\/p><\/div>\n\n\n\n<ol class=\"wp-block-list\">\n<li>Collaboration<\/li>\n\n\n\n<li>Synergie<\/li>\n\n\n\n<li>Ensemble, nous faisons une plus grande diff\u00e9rence<\/li>\n\n\n\n<li>Ensemble, nous y arrivons plus rapidement<\/li>\n<\/ol>\n<\/div>\n<\/div>\n\n\n\n<div class=\"wp-block-columns spaced is-layout-flex wp-container-core-columns-is-layout-9d6595d7 wp-block-columns-is-layout-flex\">\n<div class=\"wp-block-column is-layout-flow wp-block-column-is-layout-flow\" style=\"flex-basis:30%\">\n<iframe loading=\"lazy\" width=\"560\" height=\"315\" src=\"https:\/\/www.youtube-nocookie.com\/embed\/5oAWbslPU2A?controls=0\" title=\"YouTube video player\" frameborder=\"0\" allow=\"accelerometer; autoplay; clipboard-write; encrypted-media; gyroscope; picture-in-picture; web-share\" allowfullscreen><\/iframe>\n\n\n\n<div style=\"height:20px\" aria-hidden=\"true\" class=\"wp-block-spacer\"><\/div>\n\n\n\n<div class=\"cont heading\" data-scroll><h2 class=\"wp-block-heading\"> <strong>Coeur et raison<\/strong> <\/h2><\/div>\n\n\n\n<div class=\"cont paragraph\" data-scroll><p> <strong>L\u2019intelligence et la passion peuvent surmonter tous les obstacles<\/strong> <\/p><\/div>\n\n\n\n<ol class=\"wp-block-list\">\n<li>\u00c9quilibre entre QI et QE<\/li>\n\n\n\n<li>Mettre \u00e0 profit notre savoir collectif et notre passion<\/li>\n\n\n\n<li>Reconnaissance et c\u00e9l\u00e9bration de nos accomplissements<\/li>\n\n\n\n<li>Innover pour repousser les limites<\/li>\n\n\n\n<li>Fiert\u00e9 dans ce que nous faisons et envers\u00a0notre entreprise<\/li>\n<\/ol>\n<\/div>\n\n\n\n<div class=\"wp-block-column is-layout-flow wp-block-column-is-layout-flow\" style=\"flex-basis:30%\">\n<iframe loading=\"lazy\" width=\"560\" height=\"315\" src=\"https:\/\/www.youtube-nocookie.com\/embed\/gb0NiGlDDyo?controls=0\" title=\"YouTube video player\" frameborder=\"0\" allow=\"accelerometer; autoplay; clipboard-write; encrypted-media; gyroscope; picture-in-picture; web-share\" allowfullscreen><\/iframe>\n\n\n\n<div style=\"height:20px\" aria-hidden=\"true\" class=\"wp-block-spacer\"><\/div>\n\n\n\n<div class=\"cont heading\" data-scroll><h2 class=\"wp-block-heading\"> <strong>Civisme<\/strong> <\/h2><\/div>\n\n\n\n<div class=\"cont paragraph\" data-scroll><p> <strong>Contribution positive \u00e0 la soci\u00e9t\u00e9 et \u00e0 la communaut\u00e9, en gardant \u00e0 l\u2019esprit:<\/strong> <\/p><\/div>\n\n\n\n<ol class=\"wp-block-list\">\n<li>les int\u00e9r\u00eats des patients<\/li>\n\n\n\n<li>les int\u00e9r\u00eats des employ\u00e9s<\/li>\n\n\n\n<li>les int\u00e9r\u00eats de notre communaut\u00e9<\/li>\n<\/ol>\n<\/div>\n\n\n\n<div class=\"wp-block-column is-layout-flow wp-block-column-is-layout-flow\" style=\"flex-basis:30%\"><\/div>\n<\/div>\n","protected":false},"excerpt":{"rendered":"<p>Nos valeurs sont au c\u0153ur de qui nous sommes, de ce que nous faisons et de la mani\u00e8re dont nous y arrivons. Confiance La conviction de la comp\u00e9tence et la fiabilit\u00e9 des autres Responsabilisation Fiabilit\u00e9 et responsabilit\u00e9 Teamwork Mettre \u00e0 profit les comp\u00e9tences de chacun et se soutenir mutuellement Coeur et raison L\u2019intelligence et la [&hellip;]<\/p>\n","protected":false},"author":2,"featured_media":0,"parent":265,"menu_order":0,"comment_status":"closed","ping_status":"closed","template":"","meta":{"_acf_changed":false,"footnotes":""},"class_list":["post-268","page","type-page","status-publish","hentry"],"acf":[],"_links":{"self":[{"href":"https:\/\/liminalbiosciences.com\/fr\/wp-json\/wp\/v2\/pages\/268","targetHints":{"allow":["GET"]}}],"collection":[{"href":"https:\/\/liminalbiosciences.com\/fr\/wp-json\/wp\/v2\/pages"}],"about":[{"href":"https:\/\/liminalbiosciences.com\/fr\/wp-json\/wp\/v2\/types\/page"}],"author":[{"embeddable":true,"href":"https:\/\/liminalbiosciences.com\/fr\/wp-json\/wp\/v2\/users\/2"}],"replies":[{"embeddable":true,"href":"https:\/\/liminalbiosciences.com\/fr\/wp-json\/wp\/v2\/comments?post=268"}],"version-history":[{"count":1,"href":"https:\/\/liminalbiosciences.com\/fr\/wp-json\/wp\/v2\/pages\/268\/revisions"}],"predecessor-version":[{"id":269,"href":"https:\/\/liminalbiosciences.com\/fr\/wp-json\/wp\/v2\/pages\/268\/revisions\/269"}],"up":[{"embeddable":true,"href":"https:\/\/liminalbiosciences.com\/fr\/wp-json\/wp\/v2\/pages\/265"}],"wp:attachment":[{"href":"https:\/\/liminalbiosciences.com\/fr\/wp-json\/wp\/v2\/media?parent=268"}],"curies":[{"name":"wp","href":"https:\/\/api.w.org\/{rel}","templated":true}]}}