{"id":265,"date":"2025-06-16T19:00:15","date_gmt":"2025-06-16T19:00:15","guid":{"rendered":"http:\/\/liminal.miara.co.uk\/?page_id=265"},"modified":"2025-09-09T11:27:44","modified_gmt":"2025-09-09T11:27:44","slug":"a-propos-de-nous","status":"publish","type":"page","link":"https:\/\/liminalbiosciences.com\/fr\/a-propos-de-nous\/","title":{"rendered":"\u00c0 propos de nous"},"content":{"rendered":"<div class=\"title-block\"><div id=\"top-bg\" class=\"small\">\n\t<img decoding=\"async\" src=\"https:\/\/liminalbiosciences.com\/wp-content\/themes\/liminal\/images\/top-bg.png\" \/>\n<\/div>\n<div class=\"cont\">\n    <h1>\u00c0 propos de nous<\/h1><\/div><\/div>\n\n\n<div class=\"wp-block-columns is-layout-flex wp-container-core-columns-is-layout-9d6595d7 wp-block-columns-is-layout-flex\">\n<div class=\"wp-block-column is-layout-flow wp-block-column-is-layout-flow\">\n<div class=\"wp-block-columns is-layout-flex wp-container-core-columns-is-layout-9d6595d7 wp-block-columns-is-layout-flex\">\n<div class=\"wp-block-column is-layout-flow wp-block-column-is-layout-flow\">\n<div class=\"cont heading\" data-scroll><h2 class=\"wp-block-heading\"> <strong>Qui nous sommes<\/strong> <\/h2><\/div>\n\n\n\n<div class=\"cont paragraph\" data-scroll><p> Liminal BioSciences, par l\u2019interm\u00e9diaire de sa filiale d\u00e9tenue \u00e0 part enti\u00e8re\u00e0, Caledon Bioscience Inc., est une soci\u00e9t\u00e9 biopharmaceutique en phase de d\u00e9veloppement ax\u00e9e sur les donn\u00e9es et qui se concentre sur la d\u00e9couverte et le d\u00e9veloppement de nouvelles petites mol\u00e9cules th\u00e9rapeutiques distinctives qui modulent les voies des r\u00e9cepteurs coupl\u00e9s aux prot\u00e9ines G (RCPG). Nous concevons de nouvelles petites mol\u00e9cules th\u00e9rapeutiques candidates exclusives dans l\u2019objectif de d\u00e9velopper les meilleurs\/premiers m\u00e9dicaments de leur cat\u00e9gorie pour le traitement des maladies m\u00e9taboliques, inflammatoires et fibrotiques avec d\u2019importants besoins m\u00e9dicaux non satisfaits, en utilisant notre expertise en d\u00e9couverte de m\u00e9dicaments et en chimie m\u00e9dicinale ainsi que\u00a0 notre compr\u00e9hension approfondie de la biologie des RCPG. <\/p><\/div>\n\n\n\n<div class=\"cont paragraph\" data-scroll><p> Notre si\u00e8ge social est situ\u00e9 \u00e0 Belleville, en Ontario et nous avons des p\u00f4les de talents au Qu\u00e9bec, Canada et au Royaume-Uni. <\/p><\/div>\n\n\n\n<div class=\"cont paragraph\" data-scroll><p> Liminal BioSciences est une soci\u00e9t\u00e9 priv\u00e9e d\u00e9tenue par Structured Alpha LP (\u00ab SALP \u00bb), une soci\u00e9t\u00e9 en commandite g\u00e9r\u00e9e par son commandit\u00e9, Thomvest Asset Management Ltd. <\/p><\/div>\n<\/div>\n\n\n\n<div class=\"wp-block-column is-layout-flow wp-block-column-is-layout-flow\">\n<div class=\"cont heading\" data-scroll><h2 class=\"wp-block-heading\"> <strong>RCPG\u2019s: M\u00e9canismes biologiques convaincants<\/strong> <\/h2><\/div>\n\n\n\n<div class=\"cont paragraph\" data-scroll><p> Les prot\u00e9ines G, \u00e9galement connues sous le nom de prot\u00e9ines de liaison aux nucl\u00e9otides de guanine, agissent comme des interrupteurs mol\u00e9culaires \u00e0 l\u2019int\u00e9rieur des cellules et sont impliqu\u00e9es dans la transmission de signaux. Les RCPG r\u00e9gulent de nombreux processus physiologiques et pathologiques. En raison de leur abondance, de leur large distribution et de leur implication cruciale dans la physiologie et la biochimie cellulaires, les RCPG repr\u00e9sentent la plus grande famille de r\u00e9cepteurs du g\u00e9nome humain et rev\u00eatent une importance significative pour le d\u00e9veloppement de m\u00e9dicaments th\u00e9rapeutiques. Environ 35 % de tous les m\u00e9dicaments approuv\u00e9s ciblent les RCPG<kbd>\u00b9<\/kbd>, mais seulement 16 % environ des voies des RCPG ont un m\u00e9dicament approuv\u00e9, ce qui nous offre une opportunit\u00e9 importante pour la d\u00e9couverte et le d\u00e9veloppement de nouvelles petites mol\u00e9cules th\u00e9rapeutiques pour les voies des RCPG. <\/p><\/div>\n\n\n\n<div class=\"cont paragraph\" data-scroll><p> Tous nos programmes de d\u00e9veloppement ciblent les RCPG, qui sont des r\u00e9cepteurs \u00e0 sept domaines transmembranaires (7TM). Ces r\u00e9cepteurs sont facilement accessibles aux m\u00e9dicaments hydrophiles en raison de leur pr\u00e9sence \u00e0 la surface des cellules, et leur expression non uniforme permet une s\u00e9lectivit\u00e9 dans la modulation des processus physiologiques. Les agonistes et les antagonistes des r\u00e9cepteurs RCPGs&nbsp; sont utilis\u00e9s pour traiter diverses maladies dans tous les syst\u00e8mes organiques. Un agoniste est un m\u00e9dicament qui se lie \u00e0 une cible et imite l\u2019action du ligand naturel. Un antagoniste est un m\u00e9dicament qui se lie \u00e0 un r\u00e9cepteur et emp\u00eache d\u2019autres mol\u00e9cules (telles que le ligand naturel) de s\u2019y lier. <\/p><\/div>\n<\/div>\n<\/div>\n<\/div>\n<\/div>\n","protected":false},"excerpt":{"rendered":"<p>Qui nous sommes Liminal BioSciences, par l\u2019interm\u00e9diaire de sa filiale d\u00e9tenue \u00e0 part enti\u00e8re\u00e0, Caledon Bioscience Inc., est une soci\u00e9t\u00e9 biopharmaceutique en phase de d\u00e9veloppement ax\u00e9e sur les donn\u00e9es et qui se concentre sur la d\u00e9couverte et le d\u00e9veloppement de nouvelles petites mol\u00e9cules th\u00e9rapeutiques distinctives qui modulent les voies des r\u00e9cepteurs coupl\u00e9s aux prot\u00e9ines G [&hellip;]<\/p>\n","protected":false},"author":2,"featured_media":0,"parent":0,"menu_order":0,"comment_status":"closed","ping_status":"closed","template":"","meta":{"_acf_changed":false,"footnotes":""},"class_list":["post-265","page","type-page","status-publish","hentry"],"acf":[],"_links":{"self":[{"href":"https:\/\/liminalbiosciences.com\/fr\/wp-json\/wp\/v2\/pages\/265","targetHints":{"allow":["GET"]}}],"collection":[{"href":"https:\/\/liminalbiosciences.com\/fr\/wp-json\/wp\/v2\/pages"}],"about":[{"href":"https:\/\/liminalbiosciences.com\/fr\/wp-json\/wp\/v2\/types\/page"}],"author":[{"embeddable":true,"href":"https:\/\/liminalbiosciences.com\/fr\/wp-json\/wp\/v2\/users\/2"}],"replies":[{"embeddable":true,"href":"https:\/\/liminalbiosciences.com\/fr\/wp-json\/wp\/v2\/comments?post=265"}],"version-history":[{"count":2,"href":"https:\/\/liminalbiosciences.com\/fr\/wp-json\/wp\/v2\/pages\/265\/revisions"}],"predecessor-version":[{"id":329,"href":"https:\/\/liminalbiosciences.com\/fr\/wp-json\/wp\/v2\/pages\/265\/revisions\/329"}],"wp:attachment":[{"href":"https:\/\/liminalbiosciences.com\/fr\/wp-json\/wp\/v2\/media?parent=265"}],"curies":[{"name":"wp","href":"https:\/\/api.w.org\/{rel}","templated":true}]}}