{"id":246,"date":"2025-06-16T10:13:45","date_gmt":"2025-06-16T10:13:45","guid":{"rendered":"http:\/\/liminal.miara.co.uk\/?page_id=246"},"modified":"2025-09-09T11:25:18","modified_gmt":"2025-09-09T11:25:18","slug":"homepagefr","status":"publish","type":"page","link":"https:\/\/liminalbiosciences.com\/fr\/","title":{"rendered":"Accueil"},"content":{"rendered":"<div class=\"slider-block\"><div id=\"top-bg\">\n\t<img decoding=\"async\" src=\"https:\/\/liminalbiosciences.com\/wp-content\/themes\/liminal\/images\/top-bg.png\" \/>\n<\/div>\n\n<div class=\"\" id=\"home\">\n\t<div class=\"liminal-slick-homepage\" data-arrows=\"true\" data-autoplay=\"true\">\n\t\t\t\t\t<div class=\"ct-header tablex item\"><div class=\"ct-u-display-tablex\"><div class=\"inner\"><div class=\"container\"><h1 class=\"big animated\">Nous sommes d\u00e9di\u00e9s au traitement des maladies m\u00e9taboliques, fibrotiques et inflammatoires, en utilisant notre plateforme de d\u00e9couverte de m\u00e9dicaments et notre approche guid\u00e9e par les donn\u00e9es<\/h1><\/div><\/div><\/div><\/div>\t\t\t<\/div><!-- .ct-slick-homepage -->\n<\/div><!-- .ct-header --><\/div>\n\n<div class=\"triangles-block\">\n<div id=\"bubbles\">\n\t<div class=\"svgMask left\">\n\t\t<div class=\"text\"><\/div>\n\t\t<svg width=\"600\" height=\"600\" baseProfile=\"full\" version=\"1.2\">\n\t\t\t<defs>\n\t\t\t\t<mask id=\"svgmask1\" maskUnits=\"userSpaceOnUse\" maskContentUnits=\"userSpaceOnUse\" transform=\"scale(1)\">\n\t\t\t\t\t<image width=\"100%\" height=\"100%\" xlink:href=\"https:\/\/liminalbiosciences.com\/wp-content\/themes\/liminal\/images\/bubble-left.png\" \/>\n\t\t\t\t<\/mask>\n\t\t\t<\/defs>\n\t\t\t<image id=\"the-mask\" mask=\"url(#svgmask1)\" width=\"100%\" height=\"100%\" y=\"0\" x=\"0\" xlink:href=\"https:\/\/liminalbiosciences.com\/wp-content\/uploads\/2025\/06\/img-liminal-home-carousel-1-1.png\" \/>\n\t\t<\/svg>\n\t<\/div>\n\n\t<div class=\"svgMask right\">\n\t\t<div class=\"text\"><\/div>\n\t\t<svg width=\"600\" height=\"600\" baseProfile=\"full\" version=\"1.2\">\n\t\t\t<defs>\n\t\t\t\t<mask id=\"svgmask2\" maskUnits=\"userSpaceOnUse\" maskContentUnits=\"userSpaceOnUse\" transform=\"scale(1)\">\n\t\t\t\t\t<image width=\"100%\" height=\"100%\" xlink:href=\"https:\/\/liminalbiosciences.com\/wp-content\/themes\/liminal\/images\/bubble-right.png\" \/>\n\t\t\t\t<\/mask>\n\t\t\t<\/defs>\n\t\t\t<image id=\"the-mask\" mask=\"url(#svgmask2)\" width=\"100%\" height=\"100%\" y=\"0\" x=\"0\" xlink:href=\"https:\/\/liminalbiosciences.com\/wp-content\/uploads\/2025\/06\/img-liminal-home-carousel-2-1.png\" \/>\n\t\t<\/svg>\n\t<\/div>\n\t<div class=\"clear\"><\/div>\n<\/div><\/div>\n\n<div class=\"boxes-block\">\n    <a class=\"box\" href=\"http:\/\/liminal.miara.co.uk\/fr\/about\/\"><div class=\"image\"><img loading=\"lazy\" decoding=\"async\" width=\"577\" height=\"385\" src=\"https:\/\/liminalbiosciences.com\/wp-content\/uploads\/2025\/06\/img-about-us.png\" class=\"attachment-large size-large\" alt=\"\" \/><\/div><div class=\"container\"><h3>\u00c0 propos de nous<\/h3><p>Nous sommes une soci\u00e9t\u00e9 biopharmaceutique en phase de d\u00e9veloppement qui se concentre sur la d\u00e9couverte et le d\u00e9veloppement de nouvelles petites mol\u00e9cules th\u00e9rapeutiques distinctives pour les maladies m\u00e9taboliques, fibrotiques et inflammatoires, en utilisant notre plateforme de d\u00e9couverte de m\u00e9dicaments avec une approche bas\u00e9e sur les donn\u00e9es.<\/p><\/div><div class=\"button\">Pour en savoir plus<\/div><\/a>    <a class=\"box\" href=\"http:\/\/liminal.miara.co.uk\/fr\/pipeline\/\"><div class=\"image\"><img loading=\"lazy\" decoding=\"async\" width=\"577\" height=\"385\" src=\"https:\/\/liminalbiosciences.com\/wp-content\/uploads\/2025\/06\/img-pipeline.png\" class=\"attachment-large size-large\" alt=\"\" \/><\/div><div class=\"container\"><h3>Portefeuille de produits<\/h3><p>Notre expertise dans le domaine des petites mol\u00e9cules nous a permis de constituer un solide portefeuille de produits en phase avanc\u00e9e de d\u00e9veloppement, avec des m\u00e9dicaments potentiels de premier ordre.<\/p><\/div><div class=\"button\">Pour en savoir plus<\/div><\/a><\/div>","protected":false},"excerpt":{"rendered":"","protected":false},"author":2,"featured_media":0,"parent":0,"menu_order":0,"comment_status":"closed","ping_status":"closed","template":"","meta":{"_acf_changed":false,"footnotes":""},"class_list":["post-246","page","type-page","status-publish","hentry"],"acf":[],"_links":{"self":[{"href":"https:\/\/liminalbiosciences.com\/fr\/wp-json\/wp\/v2\/pages\/246","targetHints":{"allow":["GET"]}}],"collection":[{"href":"https:\/\/liminalbiosciences.com\/fr\/wp-json\/wp\/v2\/pages"}],"about":[{"href":"https:\/\/liminalbiosciences.com\/fr\/wp-json\/wp\/v2\/types\/page"}],"author":[{"embeddable":true,"href":"https:\/\/liminalbiosciences.com\/fr\/wp-json\/wp\/v2\/users\/2"}],"replies":[{"embeddable":true,"href":"https:\/\/liminalbiosciences.com\/fr\/wp-json\/wp\/v2\/comments?post=246"}],"version-history":[{"count":6,"href":"https:\/\/liminalbiosciences.com\/fr\/wp-json\/wp\/v2\/pages\/246\/revisions"}],"predecessor-version":[{"id":327,"href":"https:\/\/liminalbiosciences.com\/fr\/wp-json\/wp\/v2\/pages\/246\/revisions\/327"}],"wp:attachment":[{"href":"https:\/\/liminalbiosciences.com\/fr\/wp-json\/wp\/v2\/media?parent=246"}],"curies":[{"name":"wp","href":"https:\/\/api.w.org\/{rel}","templated":true}]}}